{"id":25957864,"date":"2025-10-11T09:52:29","date_gmt":"2025-10-11T09:52:29","guid":{"rendered":"https:\/\/darkgreen-butterfly-436071.hostingersite.com\/?page_id=25957864"},"modified":"2025-10-11T10:36:54","modified_gmt":"2025-10-11T10:36:54","slug":"informacion-legal","status":"publish","type":"page","link":"https:\/\/divine-villas.com\/es\/mentions-legales\/","title":{"rendered":"Informaci\u00f3n jur\u00eddica"},"content":{"rendered":"<p>[et_pb_section fb_built=\u00a0\u00bb1&Prime; _builder_version=\u00a0\u00bb4.27.4&Prime; _module_preset=\u00a0\u00bbdefault\u00a0\u00bb width=\u00a0\u00bb80%\u00a0\u00bb module_alignment=\u00a0\u00bbcenter\u00a0\u00bb custom_margin=\u00a0\u00bb||||false|false\u00a0\u00bb custom_padding=\u00a0\u00bb||||false|false\u00a0\u00bb global_colors_info=\u00a0\u00bb{}\u00a0\u00bb][et_pb_row _builder_version=\u00a0\u00bb4.27.4&Prime; _module_preset=\u00a0\u00bbdefault\u00a0\u00bb custom_margin=\u00a0\u00bb100px||100px||false|false\u00a0\u00bb global_colors_info=\u00a0\u00bb{}\u00a0\u00bb][et_pb_column type=\u00a0\u00bb4_4&Prime; _builder_version=\u00a0\u00bb4.27.0&Prime; _module_preset=\u00a0\u00bbdefault\u00a0\u00bb global_colors_info=\u00a0\u00bb{}\u00a0\u00bb][et_pb_text _builder_version=\u00a0\u00bb4.27.4&Prime; _module_preset=\u00a0\u00bbdefault\u00a0\u00bb custom_margin_tablet=\u00a0\u00bb50px||||false|false\u00a0\u00bb custom_margin_phone=\u00a0\u00bb50px||||false|false\u00a0\u00bb custom_margin_last_edited=\u00a0\u00bbon|tablet\u00a0\u00bb global_colors_info=\u00a0\u00bb{}\u00a0\u00bb]<\/p>\n<h1><b>Mention l\u00e9gales<\/b><\/h1>\n<p><span style=\"font-weight: 400;\"><\/span><\/p>\n<p>En vertu de l\u2019article 6 de la loi n\u00b0 2004-575 du 21 juin 2004 pour la confiance dans l\u2019\u00e9conomie num\u00e9rique, il est pr\u00e9cis\u00e9 aux utilisateurs du site internet <a href=\"https:\/\/www.divine-villas.com\/\">https:\/\/www.divine-villas.com\/<\/a> l\u2019identit\u00e9 des diff\u00e9rents intervenants dans le cadre de sa r\u00e9alisation et de son suivi:<\/p>\n<p><b>Propri\u00e9taire : <\/b>SCI Holidays and Co, immatricul\u00e9e au RCS de Paris sous le num\u00e9ro : 914 078 811 RCS Lille M\u00e9tropole Capital social de 1000 euros, dont le si\u00e8ge social est 43 avenue Albert Calmette \u2013 ZA Les Francs \u2013 59910 BONDUES \u2013 FRANCE (ci-apr\u00e8s \u00ab la soci\u00e9t\u00e9 \u00bb).<\/p>\n<p><b>Directeur de publication : <\/b>Zo\u00e9 De Leeuw \u2013 Barth\u00e9l\u00e9my Borgniet<\/p>\n<p><b>Webmaster :<\/b> Zo\u00e9 De Leeuw \u2013 Barth\u00e9l\u00e9my Borgniet<\/p>\n<p><b>H\u00e9bergeur :<\/b> Soci\u00e9t\u00e9 NATIV \u2013 74, rue de la justice \u2013 59650 VILLENEUVE D\u2019ASCQ \u2013 FRANCE\u00a0 Hostinger International Ltd., 61 Lordou Vironos str., 6023 Larnaca, Chypre <a href=\"mailto:compliance@hostinger.com\">compliance@hostinger.com<\/a><\/p>\n<p><b>\u00a0<\/b><\/p>\n<p><b>CONDITIONS D\u2019UTILISATION<\/b><\/p>\n<ul>\n<li aria-level=\"1\"><b>Propri\u00e9t\u00e9 intellectuelle<\/b><\/li>\n<\/ul>\n<p>Sous r\u00e9serve des droits de ses partenaires, le contenu du site est la propri\u00e9t\u00e9 exclusive de l\u2019\u00c9diteur et est prot\u00e9g\u00e9 par les lois fran\u00e7aises et internationales relatives \u00e0 la propri\u00e9t\u00e9 intellectuelle. Ce droit de propri\u00e9t\u00e9 inclut, le cas \u00e9ch\u00e9ant, les bases de donn\u00e9es pr\u00e9sentes sur le site qui sont prot\u00e9g\u00e9es au titre du droit sui generis des producteurs de bases de donn\u00e9es.<\/p>\n<p>Les \u00e9l\u00e9ments du site, pris dans leur ensemble ou individuellement, ne peuvent faire l\u2019objet d\u2019aucune utilisation, transformation, traduction, adaptation, reproduction, exploitation, totale ou partielle, non express\u00e9ment autoris\u00e9e par l\u2019\u00c9diteur, sous peine de poursuites. Cela signifie notamment que les utilisateurs du site ne peuvent t\u00e9l\u00e9charger ou copier-coller ces contenus \u00e0 d\u00e9faut d\u2019autorisation expresse par la loi ou par l\u2019\u00c9diteur.<\/p>\n<ul>\n<li aria-level=\"1\"><b>Liens hypertextes<\/b><\/li>\n<\/ul>\n<p>Le site est susceptible de diriger l\u2019utilisateur via des liens hypertextes vers d\u2019autres sites internet du m\u00eame \u00c9diteur ou de tiers. Il appartient \u00e0 l\u2019utilisateur de consulter les mentions l\u00e9gales de ces sites et de respecter leurs \u00e9ventuelles conditions d\u2019utilisation.<\/p>\n<p>L\u2019\u00c9diteur ne pourra en aucun cas \u00eatre tenu pour responsable des informations diffus\u00e9es sur les sites vers lesquels renvoient des liens hypertextes pr\u00e9sents sur son site ainsi que de tous pr\u00e9judices de quelque nature que ce soit r\u00e9sultant notamment de l\u2019acc\u00e8s \u00e0 ceux-ci.<\/p>\n<p>Si une personne dirige ses utilisateurs vers le pr\u00e9sent site internet, l\u2019\u00c9diteur se r\u00e9serve la possibilit\u00e9 de demander la suppression du lien hypertexte pointant vers ce site s\u2019il estime que ce lien n\u2019est pas conforme \u00e0 ses droits et int\u00e9r\u00eats l\u00e9gitimes.<\/p>\n<p>[\/et_pb_text][\/et_pb_column][\/et_pb_row][\/et_pb_section]<\/p>\n","protected":false},"excerpt":{"rendered":"<p>Mention l\u00e9gales En vertu de l\u2019article 6 de la loi n\u00b0 2004-575 du 21 juin 2004 pour la confiance dans l\u2019\u00e9conomie num\u00e9rique, il est pr\u00e9cis\u00e9 aux utilisateurs du site internet https:\/\/www.divine-villas.com\/ l\u2019identit\u00e9 des diff\u00e9rents intervenants dans le cadre de sa r\u00e9alisation et de son suivi: Propri\u00e9taire : SCI Holidays and Co, immatricul\u00e9e au RCS de [&hellip;]<\/p>\n","protected":false},"author":1,"featured_media":0,"parent":0,"menu_order":0,"comment_status":"closed","ping_status":"closed","template":"","meta":{"_et_pb_use_builder":"on","_et_pb_old_content":"","_et_gb_content_width":"","footnotes":""},"dipi_cpt_category":[],"class_list":["post-25957864","page","type-page","status-publish","hentry"],"_links":{"self":[{"href":"https:\/\/divine-villas.com\/es\/wp-json\/wp\/v2\/pages\/25957864","targetHints":{"allow":["GET"]}}],"collection":[{"href":"https:\/\/divine-villas.com\/es\/wp-json\/wp\/v2\/pages"}],"about":[{"href":"https:\/\/divine-villas.com\/es\/wp-json\/wp\/v2\/types\/page"}],"author":[{"embeddable":true,"href":"https:\/\/divine-villas.com\/es\/wp-json\/wp\/v2\/users\/1"}],"replies":[{"embeddable":true,"href":"https:\/\/divine-villas.com\/es\/wp-json\/wp\/v2\/comments?post=25957864"}],"version-history":[{"count":7,"href":"https:\/\/divine-villas.com\/es\/wp-json\/wp\/v2\/pages\/25957864\/revisions"}],"predecessor-version":[{"id":25957939,"href":"https:\/\/divine-villas.com\/es\/wp-json\/wp\/v2\/pages\/25957864\/revisions\/25957939"}],"wp:attachment":[{"href":"https:\/\/divine-villas.com\/es\/wp-json\/wp\/v2\/media?parent=25957864"}],"wp:term":[{"taxonomy":"dipi_cpt_category","embeddable":true,"href":"https:\/\/divine-villas.com\/es\/wp-json\/wp\/v2\/dipi_cpt_category?post=25957864"}],"curies":[{"name":"wp","href":"https:\/\/api.w.org\/{rel}","templated":true}]}}